{"id":111,"date":"2021-09-01T15:44:24","date_gmt":"2021-09-01T15:44:24","guid":{"rendered":"https:\/\/elclandestino.cl\/?page_id=111"},"modified":"2021-11-15T13:16:13","modified_gmt":"2021-11-15T13:16:13","slug":"pagina-principal","status":"publish","type":"page","link":"https:\/\/elclandestino.cl\/","title":{"rendered":"El Clandestino &#8211; Quilpu\u00e9"},"content":{"rendered":"\t\t<div data-elementor-type=\"wp-page\" data-elementor-id=\"111\" class=\"elementor elementor-111\" data-elementor-settings=\"[]\">\n\t\t\t\t\t\t\t<div class=\"elementor-section-wrap\">\n\t\t\t\t\t\t\t<section class=\"elementor-section elementor-top-section elementor-element elementor-element-03a1ffe elementor-section-boxed elementor-section-height-default elementor-section-height-default\" data-id=\"03a1ffe\" data-element_type=\"section\">\n\t\t\t\t\t\t<div class=\"elementor-container elementor-column-gap-default\">\n\t\t\t\t\t<div class=\"elementor-column elementor-col-100 elementor-top-column elementor-element elementor-element-c2be5b8\" data-id=\"c2be5b8\" data-element_type=\"column\">\n\t\t\t<div class=\"elementor-widget-wrap elementor-element-populated\">\n\t\t\t\t\t\t\t\t<div class=\"elementor-element elementor-element-4106690 elementor-widget elementor-widget-shortcode\" data-id=\"4106690\" data-element_type=\"widget\" data-widget_type=\"shortcode.default\">\n\t\t\t\t<div class=\"elementor-widget-container\">\n\t\t\t\t\t<div class=\"elementor-shortcode\">\n\n<\/div>\n\t\t\t\t<\/div>\n\t\t\t\t<\/div>\n\t\t\t\t\t<\/div>\n\t\t<\/div>\n\t\t\t\t\t\t\t<\/div>\n\t\t<\/section>\n\t\t\t\t<section class=\"elementor-section elementor-top-section elementor-element elementor-element-c7391d5 elementor-section-boxed elementor-section-height-default elementor-section-height-default\" data-id=\"c7391d5\" data-element_type=\"section\">\n\t\t\t\t\t\t<div class=\"elementor-container elementor-column-gap-default\">\n\t\t\t\t\t<div class=\"elementor-column elementor-col-100 elementor-top-column elementor-element elementor-element-49732f3\" data-id=\"49732f3\" data-element_type=\"column\">\n\t\t\t<div class=\"elementor-widget-wrap elementor-element-populated\">\n\t\t\t\t\t\t\t\t<div class=\"elementor-element elementor-element-d09502b elementor-widget elementor-widget-image\" data-id=\"d09502b\" data-element_type=\"widget\" data-widget_type=\"image.default\">\n\t\t\t\t<div class=\"elementor-widget-container\">\n\t\t\t\t\t\t\t\t\t\t\t\t\t\t\t\t<a href=\"https:\/\/elclandestino.cl\/index.php\/nuestro-menu\/\">\n\t\t\t\t\t\t\t<img loading=\"lazy\" decoding=\"async\" width=\"626\" height=\"498\" src=\"https:\/\/elclandestino.cl\/wp-content\/uploads\/2021\/11\/El-Clandestino-Carta-02.jpg\" class=\"attachment-large size-large\" alt=\"\" srcset=\"https:\/\/elclandestino.cl\/wp-content\/uploads\/2021\/11\/El-Clandestino-Carta-02.jpg 626w, https:\/\/elclandestino.cl\/wp-content\/uploads\/2021\/11\/El-Clandestino-Carta-02-300x239.jpg 300w\" sizes=\"auto, (max-width: 626px) 100vw, 626px\" \/>\t\t\t\t\t\t\t\t<\/a>\n\t\t\t\t\t\t\t\t\t\t\t\t\t\t\t<\/div>\n\t\t\t\t<\/div>\n\t\t\t\t\t<\/div>\n\t\t<\/div>\n\t\t\t\t\t\t\t<\/div>\n\t\t<\/section>\n\t\t\t\t<section class=\"elementor-section elementor-top-section elementor-element elementor-element-f229bc5 elementor-section-boxed elementor-section-height-default elementor-section-height-default\" data-id=\"f229bc5\" data-element_type=\"section\">\n\t\t\t\t\t\t<div class=\"elementor-container elementor-column-gap-default\">\n\t\t\t\t\t<div class=\"elementor-column elementor-col-50 elementor-top-column elementor-element elementor-element-aebb983\" data-id=\"aebb983\" data-element_type=\"column\">\n\t\t\t<div class=\"elementor-widget-wrap elementor-element-populated\">\n\t\t\t\t\t\t\t\t<div class=\"elementor-element elementor-element-7925a30 elementor-widget elementor-widget-image\" data-id=\"7925a30\" data-element_type=\"widget\" data-widget_type=\"image.default\">\n\t\t\t\t<div class=\"elementor-widget-container\">\n\t\t\t\t\t\t\t\t\t\t\t\t\t\t\t<img loading=\"lazy\" decoding=\"async\" width=\"629\" height=\"498\" src=\"https:\/\/elclandestino.cl\/wp-content\/uploads\/2021\/09\/RESTAURANT-eL-CLANDESTINO-CONTACTO-01.jpg\" class=\"attachment-large size-large\" alt=\"\" srcset=\"https:\/\/elclandestino.cl\/wp-content\/uploads\/2021\/09\/RESTAURANT-eL-CLANDESTINO-CONTACTO-01.jpg 629w, https:\/\/elclandestino.cl\/wp-content\/uploads\/2021\/09\/RESTAURANT-eL-CLANDESTINO-CONTACTO-01-300x238.jpg 300w\" sizes=\"auto, (max-width: 629px) 100vw, 629px\" \/>\t\t\t\t\t\t\t\t\t\t\t\t\t\t\t<\/div>\n\t\t\t\t<\/div>\n\t\t\t\t\t<\/div>\n\t\t<\/div>\n\t\t\t\t<div class=\"elementor-column elementor-col-50 elementor-top-column elementor-element elementor-element-504a4e1\" data-id=\"504a4e1\" data-element_type=\"column\">\n\t\t\t<div class=\"elementor-widget-wrap elementor-element-populated\">\n\t\t\t\t\t\t\t\t<div class=\"elementor-element elementor-element-bc51332 elementor-widget elementor-widget-image\" data-id=\"bc51332\" data-element_type=\"widget\" data-widget_type=\"image.default\">\n\t\t\t\t<div class=\"elementor-widget-container\">\n\t\t\t\t\t\t\t\t\t\t\t\t\t\t\t<img loading=\"lazy\" decoding=\"async\" width=\"641\" height=\"499\" src=\"https:\/\/elclandestino.cl\/wp-content\/uploads\/2021\/11\/RESTAURANT-eL-CLANDESTINO-CONTACTO-02.jpg\" class=\"attachment-large size-large\" alt=\"\" srcset=\"https:\/\/elclandestino.cl\/wp-content\/uploads\/2021\/11\/RESTAURANT-eL-CLANDESTINO-CONTACTO-02.jpg 641w, https:\/\/elclandestino.cl\/wp-content\/uploads\/2021\/11\/RESTAURANT-eL-CLANDESTINO-CONTACTO-02-300x234.jpg 300w\" sizes=\"auto, (max-width: 641px) 100vw, 641px\" \/>\t\t\t\t\t\t\t\t\t\t\t\t\t\t\t<\/div>\n\t\t\t\t<\/div>\n\t\t\t\t\t<\/div>\n\t\t<\/div>\n\t\t\t\t\t\t\t<\/div>\n\t\t<\/section>\n\t\t\t\t<section class=\"elementor-section elementor-top-section elementor-element elementor-element-1cff8fb elementor-section-boxed elementor-section-height-default elementor-section-height-default\" data-id=\"1cff8fb\" data-element_type=\"section\">\n\t\t\t\t\t\t<div class=\"elementor-container elementor-column-gap-default\">\n\t\t\t\t\t<div class=\"elementor-column elementor-col-100 elementor-top-column elementor-element elementor-element-a6f4930\" data-id=\"a6f4930\" data-element_type=\"column\">\n\t\t\t<div class=\"elementor-widget-wrap elementor-element-populated\">\n\t\t\t\t\t\t\t\t<div class=\"elementor-element elementor-element-4084e5d4 elementor-widget elementor-widget-text-editor\" data-id=\"4084e5d4\" data-element_type=\"widget\" data-widget_type=\"text-editor.default\">\n\t\t\t\t<div class=\"elementor-widget-container\">\n\t\t\t\t\t\t\t<p>\u00a0<\/p>\n<p><!-- \/wp:table --><!-- wp:paragraph --><\/p>\n<p><!-- \/wp:paragraph --><!-- wp:table {\"className\":\"is-style-stripes\"} --><\/p>\n<figure class=\"wp-block-table is-style-stripes\"><\/figure>\n<p><!-- \/wp:table --><!-- wp:table {\"style\":{\"color\":{\"background\":\"#8e162f\"}}} --><\/p>\n<figure class=\"wp-block-table\">\n<table class=\"has-background\" style=\"background-color: #8e162f;\">\n<tbody>\n<tr>\n<td>\n<p><span class=\"has-inline-color has-white-color\"><strong><span style=\"vertical-align: inherit;\"><span style=\"vertical-align: inherit;\"><span style=\"vertical-align: inherit;\"><span style=\"vertical-align: inherit;\">HORARIO DE ATENCI\u00d3N <\/span><\/span><\/span><\/span><br \/><span style=\"vertical-align: inherit;\"><span style=\"vertical-align: inherit;\"><span style=\"vertical-align: inherit;\"><span style=\"vertical-align: inherit;\">&#8211; De Lunes a jueves: de 12:30 a 21.00 hrs. <\/span><\/span><\/span><\/span><br \/><span style=\"vertical-align: inherit;\"><span style=\"vertical-align: inherit;\"><span style=\"vertical-align: inherit;\"><span style=\"vertical-align: inherit;\">&#8211; Viernes y S\u00e1bados de 12.30 a 23.00 hrs. <\/span><\/span><\/span><\/span><br \/><span style=\"vertical-align: inherit;\"><span style=\"vertical-align: inherit;\"><span style=\"vertical-align: inherit;\"><span style=\"vertical-align: inherit;\">&#8211; Domingo 12:30 a 19:00 hrs.<\/span><\/span><\/span><\/span><\/strong><\/span><\/p>\n<p><span class=\"has-inline-color has-white-color\"><span style=\"vertical-align: inherit;\"><span style=\"vertical-align: inherit;\"><span style=\"vertical-align: inherit;\"><span style=\"vertical-align: inherit;\">* Cocina cierra todos los d\u00edas media hora antes del cierre<\/span><\/span><\/span><\/span><\/span><\/p>\n<\/td>\n<td class=\"has-text-align-right\" data-align=\"right\"><img loading=\"lazy\" decoding=\"async\" class=\"alignnone size-medium wp-image-424\" src=\"https:\/\/elclandestino.cl\/wp-content\/uploads\/2021\/11\/El-Clandestino-Horario-de-Atencion-0001-300x254.jpg\" alt=\"\" width=\"300\" height=\"254\" srcset=\"https:\/\/elclandestino.cl\/wp-content\/uploads\/2021\/11\/El-Clandestino-Horario-de-Atencion-0001-300x254.jpg 300w, https:\/\/elclandestino.cl\/wp-content\/uploads\/2021\/11\/El-Clandestino-Horario-de-Atencion-0001.jpg 426w\" sizes=\"auto, (max-width: 300px) 100vw, 300px\" \/><\/td>\n<\/tr>\n<\/tbody>\n<\/table>\n<\/figure>\n<p><!-- \/wp:table --><!-- wp:table --><\/p>\n<figure class=\"wp-block-table\">\n<table>\n<tbody>\n<tr>\n<td class=\"has-text-align-center\" data-align=\"center\"><a href=\"https:\/\/www.rappi.cl\/?utm_campaign=GSEMB_REACH_WEB_ALL_CL_SEM_CL.000.01.100%20-%20Chile%20-%20Rappi&amp;utm_source=google&amp;gclid=CjwKCAjwybyJBhBwEiwAvz4G76d8lEe3gTNybv_cDkQ6sR6oiaFpQnzETTqVV35u7TO7XnMt_wfIeRoCV1oQAvD_BwE\" target=\"_blank\" rel=\"noreferrer noopener\"><img loading=\"lazy\" decoding=\"async\" width=\"300\" height=\"238\" class=\"wp-image-230\" style=\"width: 300px;\" src=\"https:\/\/elclandestino.cl\/wp-content\/uploads\/2021\/09\/El-Clandestino-Rappi-1.jpg\" alt=\"\" srcset=\"https:\/\/elclandestino.cl\/wp-content\/uploads\/2021\/09\/El-Clandestino-Rappi-1.jpg 627w, https:\/\/elclandestino.cl\/wp-content\/uploads\/2021\/09\/El-Clandestino-Rappi-1-300x238.jpg 300w\" sizes=\"auto, (max-width: 300px) 100vw, 300px\" \/><\/a><\/td>\n<td class=\"has-text-align-center\" data-align=\"center\"><a href=\"https:\/\/www.ubereats.com\/cl\" target=\"_blank\" rel=\"noreferrer noopener\"><img loading=\"lazy\" decoding=\"async\" width=\"300\" height=\"236\" class=\"wp-image-231\" style=\"width: 300px;\" src=\"https:\/\/elclandestino.cl\/wp-content\/uploads\/2021\/09\/El-Clandestino-Uber-Eats-1.jpg\" alt=\"\" srcset=\"https:\/\/elclandestino.cl\/wp-content\/uploads\/2021\/09\/El-Clandestino-Uber-Eats-1.jpg 628w, https:\/\/elclandestino.cl\/wp-content\/uploads\/2021\/09\/El-Clandestino-Uber-Eats-1-300x236.jpg 300w\" sizes=\"auto, (max-width: 300px) 100vw, 300px\" \/><\/a><\/td>\n<\/tr>\n<\/tbody>\n<\/table>\n<\/figure>\n<p><!-- \/wp:table --><!-- wp:table {\"className\":\"is-style-stripes\"} --><\/p>\n<figure class=\"wp-block-table is-style-stripes\">\n<table>\n<tbody>\n<tr>\n<td><strong><span class=\"has-inline-color has-vivid-red-color\"><span style=\"vertical-align: inherit;\"><span style=\"vertical-align: inherit;\"><span style=\"vertical-align: inherit;\"><span style=\"vertical-align: inherit;\">Conoce las medidas sanitarias para cuidarnos entre todos. <\/span><\/span><\/span><\/span><\/span><\/strong> <span class=\"has-inline-color\" style=\"color: #f0f0f0;\"><span style=\"vertical-align: inherit;\"><span style=\"vertical-align: inherit;\"><span style=\"vertical-align: inherit;\"><span style=\"vertical-align: inherit;\">&#8230;&#8230;&#8230;&#8230;&#8230;<\/span><\/span><\/span><\/span><\/span><\/td>\n<td class=\"has-text-align-center\" data-align=\"center\"><img loading=\"lazy\" decoding=\"async\" width=\"250\" height=\"198\" class=\"wp-image-208\" style=\"width: 250px;\" src=\"https:\/\/elclandestino.cl\/wp-content\/uploads\/2021\/09\/El-Clandestino-Mascarilla-02.jpg\" alt=\"\" srcset=\"https:\/\/elclandestino.cl\/wp-content\/uploads\/2021\/09\/El-Clandestino-Mascarilla-02.jpg 626w, https:\/\/elclandestino.cl\/wp-content\/uploads\/2021\/09\/El-Clandestino-Mascarilla-02-300x238.jpg 300w\" sizes=\"auto, (max-width: 250px) 100vw, 250px\" \/><\/td>\n<\/tr>\n<\/tbody>\n<\/table>\n<\/figure>\n<p><!-- \/wp:table --><!-- wp:table {\"className\":\"is-style-stripes\"} --><\/p>\n<figure class=\"wp-block-table is-style-stripes\">\n<table>\n<tbody>\n<tr>\n<td><strong><span class=\"has-inline-color has-vivid-red-color\"><span style=\"vertical-align: inherit;\"><span style=\"vertical-align: inherit;\"><span style=\"vertical-align: inherit;\"><span style=\"vertical-align: inherit;\">Descubre quienes somos y el equipo que hay destr\u00e1s<\/span><\/span><\/span><\/span><\/span><\/strong> <span class=\"has-inline-color\" style=\"color: #f0f0f0;\"><span style=\"vertical-align: inherit;\"><span style=\"vertical-align: inherit;\"><span style=\"vertical-align: inherit;\"><span style=\"vertical-align: inherit;\"> &#8230;&#8230;&#8230;&#8230;&#8230;&#8230;&#8230;&#8230;&#8230;&#8230;&#8230;<\/span><\/span><\/span><\/span><\/span><\/td>\n<td class=\"has-text-align-center\" data-align=\"center\"><img loading=\"lazy\" decoding=\"async\" width=\"250\" height=\"198\" class=\"wp-image-209\" style=\"width: 250px;\" src=\"https:\/\/elclandestino.cl\/wp-content\/uploads\/2021\/09\/El-Clandestino-Quienes-somos-01.jpg\" alt=\"\" srcset=\"https:\/\/elclandestino.cl\/wp-content\/uploads\/2021\/09\/El-Clandestino-Quienes-somos-01.jpg 628w, https:\/\/elclandestino.cl\/wp-content\/uploads\/2021\/09\/El-Clandestino-Quienes-somos-01-300x238.jpg 300w\" sizes=\"auto, (max-width: 250px) 100vw, 250px\" \/><\/td>\n<\/tr>\n<\/tbody>\n<\/table>\n<\/figure>\n<p><!-- \/wp:table --><!-- wp:html --><\/p>\n<p><iframe loading=\"lazy\" style=\"border: 0;\" src=\"https:\/\/www.google.com\/maps\/embed?pb=!1m18!1m12!1m3!1d3344.311908928706!2d-71.43943378525044!3d-33.048254284368184!2m3!1f0!2f0!3f0!3m2!1i1024!2i768!4f13.1!3m3!1m2!1s0x9689d8f95ef93b03%3A0x4b7198725c3c61f5!2sEl%20Clandestino!5e0!3m2!1ses-419!2scl!4v1630514364786!5m2!1ses-419!2scl\" width=\"400\" height=\"300\" allowfullscreen=\"allowfullscreen\"><\/iframe><\/p>\n<p><!-- wp:paragraph --><\/p>\n<p><!-- \/wp:paragraph --><\/p>\t\t\t\t\t\t<\/div>\n\t\t\t\t<\/div>\n\t\t\t\t<div class=\"elementor-element elementor-element-77be6fc elementor-arrows-position-inside elementor-pagination-position-outside elementor-widget elementor-widget-image-carousel\" data-id=\"77be6fc\" data-element_type=\"widget\" data-settings=\"{&quot;navigation&quot;:&quot;both&quot;,&quot;autoplay&quot;:&quot;yes&quot;,&quot;pause_on_hover&quot;:&quot;yes&quot;,&quot;pause_on_interaction&quot;:&quot;yes&quot;,&quot;autoplay_speed&quot;:5000,&quot;infinite&quot;:&quot;yes&quot;,&quot;speed&quot;:500}\" data-widget_type=\"image-carousel.default\">\n\t\t\t\t<div class=\"elementor-widget-container\">\n\t\t\t\t\t<div class=\"elementor-image-carousel-wrapper swiper-container\" dir=\"ltr\">\n\t\t\t<div class=\"elementor-image-carousel swiper-wrapper\">\n\t\t\t\t\t\t\t\t<div class=\"swiper-slide\"><figure class=\"swiper-slide-inner\"><img decoding=\"async\" class=\"swiper-slide-image\" src=\"https:\/\/elclandestino.cl\/wp-content\/uploads\/2021\/09\/El-Clandestino-Quinnoto-de-Champinones.jpg\" alt=\"El Clandestino - Quinnoto de Champi\u00f1ones\" \/><\/figure><\/div><div class=\"swiper-slide\"><figure class=\"swiper-slide-inner\"><img decoding=\"async\" class=\"swiper-slide-image\" src=\"https:\/\/elclandestino.cl\/wp-content\/uploads\/2021\/09\/El-Clandestino-Pulpo-al-olivo.jpg\" alt=\"El Clandestino - Pulpo al olivo\" \/><\/figure><\/div><div class=\"swiper-slide\"><figure class=\"swiper-slide-inner\"><img decoding=\"async\" class=\"swiper-slide-image\" src=\"https:\/\/elclandestino.cl\/wp-content\/uploads\/2021\/09\/El-Clandestino-Pulpo-a-la-parrilla.jpg\" alt=\"El Clandestino - Pulpo a la parrilla\" \/><\/figure><\/div><div class=\"swiper-slide\"><figure class=\"swiper-slide-inner\"><img decoding=\"async\" class=\"swiper-slide-image\" src=\"https:\/\/elclandestino.cl\/wp-content\/uploads\/2021\/09\/El-Clandestino-Pisco-Sour-Peruano.jpg\" alt=\"El Clandestino - Pisco Sour Peruano\" \/><\/figure><\/div><div class=\"swiper-slide\"><figure class=\"swiper-slide-inner\"><img decoding=\"async\" class=\"swiper-slide-image\" src=\"https:\/\/elclandestino.cl\/wp-content\/uploads\/2021\/09\/El-Clandestino-Piqueo-a-la-Clandestina.jpg\" alt=\"El Clandestino - Piqueo a la Clandestina\" \/><\/figure><\/div><div class=\"swiper-slide\"><figure class=\"swiper-slide-inner\"><img decoding=\"async\" class=\"swiper-slide-image\" src=\"https:\/\/elclandestino.cl\/wp-content\/uploads\/2021\/09\/El-Clandestino-Lomo-Saltado.jpg\" alt=\"El Clandestino - Lomo Saltado\" \/><\/figure><\/div><div class=\"swiper-slide\"><figure class=\"swiper-slide-inner\"><img decoding=\"async\" class=\"swiper-slide-image\" src=\"https:\/\/elclandestino.cl\/wp-content\/uploads\/2021\/09\/El-Clandestino-Filete-Maestro.jpg\" alt=\"El Clandestino - Filete Maestro\" \/><\/figure><\/div><div class=\"swiper-slide\"><figure class=\"swiper-slide-inner\"><img decoding=\"async\" class=\"swiper-slide-image\" src=\"https:\/\/elclandestino.cl\/wp-content\/uploads\/2021\/09\/El-Clandestino-Combinado-Clandestino.jpg\" alt=\"El Clandestino - Combinado Clandestino\" \/><\/figure><\/div>\t\t\t<\/div>\n\t\t\t\t\t\t\t\t\t\t\t\t<div class=\"swiper-pagination\"><\/div>\n\t\t\t\t\t\t\t\t\t\t\t\t\t<div class=\"elementor-swiper-button elementor-swiper-button-prev\">\n\t\t\t\t\t\t<i class=\"eicon-chevron-left\" aria-hidden=\"true\"><\/i>\n\t\t\t\t\t\t<span class=\"elementor-screen-only\">Previous<\/span>\n\t\t\t\t\t<\/div>\n\t\t\t\t\t<div class=\"elementor-swiper-button elementor-swiper-button-next\">\n\t\t\t\t\t\t<i class=\"eicon-chevron-right\" aria-hidden=\"true\"><\/i>\n\t\t\t\t\t\t<span class=\"elementor-screen-only\">Next<\/span>\n\t\t\t\t\t<\/div>\n\t\t\t\t\t\t\t\t\t<\/div>\n\t\t\t\t<\/div>\n\t\t\t\t<\/div>\n\t\t\t\t\t<\/div>\n\t\t<\/div>\n\t\t\t\t\t\t\t<\/div>\n\t\t<\/section>\n\t\t\t\t<section class=\"elementor-section elementor-top-section elementor-element elementor-element-7760842 elementor-section-boxed elementor-section-height-default elementor-section-height-default\" data-id=\"7760842\" data-element_type=\"section\">\n\t\t\t\t\t\t<div class=\"elementor-container elementor-column-gap-default\">\n\t\t\t\t\t<div class=\"elementor-column elementor-col-50 elementor-top-column elementor-element elementor-element-ef1a997\" data-id=\"ef1a997\" data-element_type=\"column\">\n\t\t\t<div class=\"elementor-widget-wrap elementor-element-populated\">\n\t\t\t\t\t\t\t\t<div class=\"elementor-element elementor-element-2e11490 elementor-widget elementor-widget-heading\" data-id=\"2e11490\" data-element_type=\"widget\" data-widget_type=\"heading.default\">\n\t\t\t\t<div class=\"elementor-widget-container\">\n\t\t\t<h2 class=\"elementor-heading-title elementor-size-default\">Siguenos en nuestras redes sociales<\/h2>\t\t<\/div>\n\t\t\t\t<\/div>\n\t\t\t\t\t<\/div>\n\t\t<\/div>\n\t\t\t\t<div class=\"elementor-column elementor-col-50 elementor-top-column elementor-element elementor-element-2538bd7\" data-id=\"2538bd7\" data-element_type=\"column\">\n\t\t\t<div class=\"elementor-widget-wrap elementor-element-populated\">\n\t\t\t\t\t\t\t\t<div class=\"elementor-element elementor-element-ecf794f elementor-shape-rounded elementor-grid-0 e-grid-align-center elementor-widget elementor-widget-social-icons\" data-id=\"ecf794f\" data-element_type=\"widget\" data-widget_type=\"social-icons.default\">\n\t\t\t\t<div class=\"elementor-widget-container\">\n\t\t\t\t\t<div class=\"elementor-social-icons-wrapper elementor-grid\">\n\t\t\t\t\t\t\t<span class=\"elementor-grid-item\">\n\t\t\t\t\t<a class=\"elementor-icon elementor-social-icon elementor-social-icon-facebook elementor-repeater-item-22727cb\" href=\"https:\/\/www.facebook.com\/elclandestinoperu\" target=\"_blank\">\n\t\t\t\t\t\t<span class=\"elementor-screen-only\">Facebook<\/span>\n\t\t\t\t\t\t<i class=\"fab fa-facebook\"><\/i>\t\t\t\t\t<\/a>\n\t\t\t\t<\/span>\n\t\t\t\t\t\t\t<span class=\"elementor-grid-item\">\n\t\t\t\t\t<a class=\"elementor-icon elementor-social-icon elementor-social-icon-instagram elementor-repeater-item-1be07d1\" href=\"https:\/\/www.instagram.com\/elclandestino898\/\" target=\"_blank\">\n\t\t\t\t\t\t<span class=\"elementor-screen-only\">Instagram<\/span>\n\t\t\t\t\t\t<i class=\"fab fa-instagram\"><\/i>\t\t\t\t\t<\/a>\n\t\t\t\t<\/span>\n\t\t\t\t\t<\/div>\n\t\t\t\t<\/div>\n\t\t\t\t<\/div>\n\t\t\t\t\t<\/div>\n\t\t<\/div>\n\t\t\t\t\t\t\t<\/div>\n\t\t<\/section>\n\t\t\t\t<section class=\"elementor-section elementor-top-section elementor-element elementor-element-e0c571b elementor-section-boxed elementor-section-height-default elementor-section-height-default\" data-id=\"e0c571b\" data-element_type=\"section\">\n\t\t\t\t\t\t<div class=\"elementor-container elementor-column-gap-default\">\n\t\t\t\t\t<div class=\"elementor-column elementor-col-100 elementor-top-column elementor-element elementor-element-f960882\" data-id=\"f960882\" data-element_type=\"column\">\n\t\t\t<div class=\"elementor-widget-wrap elementor-element-populated\">\n\t\t\t\t\t\t\t\t<div class=\"elementor-element elementor-element-5859a88 elementor-widget elementor-widget-shortcode\" data-id=\"5859a88\" data-element_type=\"widget\" data-widget_type=\"shortcode.default\">\n\t\t\t\t<div class=\"elementor-widget-container\">\n\t\t\t\t\t<div class=\"elementor-shortcode\"><div class='avc_visit_counter_front' style='border: 2px solid #000000;background-color: rgb (142, 22, 47,1);border-radius:5px;font-size: 14px;'> Visits:  88798  <\/div><\/div>\n\t\t\t\t<\/div>\n\t\t\t\t<\/div>\n\t\t\t\t\t<\/div>\n\t\t<\/div>\n\t\t\t\t\t\t\t<\/div>\n\t\t<\/section>\n\t\t\t\t\t\t<\/div>\n\t\t\t\t\t<\/div>\n\t\t","protected":false},"excerpt":{"rendered":"<p>\u00a0 HORARIO DE ATENCI\u00d3N &#8211; De Lunes a jueves: de 12:30 a 21.00 hrs. &#8211; Viernes y S\u00e1bados de 12.30 a 23.00 hrs. &#8211; Domingo 12:30 a 19:00 hrs. * Cocina cierra todos los d\u00edas media hora antes del cierre Conoce las medidas sanitarias para cuidarnos entre todos. &#8230;&#8230;&#8230;&#8230;&#8230; Descubre quienes somos y el equipo [&hellip;]<\/p>\n","protected":false},"author":1,"featured_media":0,"parent":0,"menu_order":0,"comment_status":"closed","ping_status":"closed","template":"","meta":{"footnotes":""},"class_list":["post-111","page","type-page","status-publish","hentry"],"_links":{"self":[{"href":"https:\/\/elclandestino.cl\/index.php\/wp-json\/wp\/v2\/pages\/111","targetHints":{"allow":["GET"]}}],"collection":[{"href":"https:\/\/elclandestino.cl\/index.php\/wp-json\/wp\/v2\/pages"}],"about":[{"href":"https:\/\/elclandestino.cl\/index.php\/wp-json\/wp\/v2\/types\/page"}],"author":[{"embeddable":true,"href":"https:\/\/elclandestino.cl\/index.php\/wp-json\/wp\/v2\/users\/1"}],"replies":[{"embeddable":true,"href":"https:\/\/elclandestino.cl\/index.php\/wp-json\/wp\/v2\/comments?post=111"}],"version-history":[{"count":214,"href":"https:\/\/elclandestino.cl\/index.php\/wp-json\/wp\/v2\/pages\/111\/revisions"}],"predecessor-version":[{"id":436,"href":"https:\/\/elclandestino.cl\/index.php\/wp-json\/wp\/v2\/pages\/111\/revisions\/436"}],"wp:attachment":[{"href":"https:\/\/elclandestino.cl\/index.php\/wp-json\/wp\/v2\/media?parent=111"}],"curies":[{"name":"wp","href":"https:\/\/api.w.org\/{rel}","templated":true}]}}