{"id":246,"date":"2021-09-02T20:04:06","date_gmt":"2021-09-02T20:04:06","guid":{"rendered":"https:\/\/elclandestino.cl\/?page_id=246"},"modified":"2021-09-02T20:05:03","modified_gmt":"2021-09-02T20:05:03","slug":"horario-de-atencion","status":"publish","type":"page","link":"https:\/\/elclandestino.cl\/index.php\/horario-de-atencion\/","title":{"rendered":"Horario de Atenci\u00f3n"},"content":{"rendered":"\n<figure class=\"wp-block-table\"><table class=\"has-background\" style=\"background-color:#8e162f\"><tbody><tr><td><span class=\"has-inline-color has-white-color\"><strong>HORARIO DE ATENCI\u00d3N<br>&#8211; De Lunes a jueves: de 12:30 a 21.00 hrs.<br>&#8211; Viernes y S\u00e1bados de 12.30 a 23.00 hrs.<br>&#8211; Domingo 12:30 a 19:00 hrs.<\/strong><\/span><br><br><span class=\"has-inline-color has-white-color\">* Cocina cierra todos los d\u00edas media hora antes del cierre<\/span>                            <\/td><td class=\"has-text-align-right\" data-align=\"right\"><img decoding=\"async\" class=\"wp-image-222\" style=\"width: 300px;\" src=\"https:\/\/elclandestino.cl\/wp-content\/uploads\/2021\/09\/El-Clandestino-Horario-de-Atencion-01.jpg\" alt=\"\"><\/td><\/tr><\/tbody><\/table><\/figure>\n","protected":false},"excerpt":{"rendered":"<p>HORARIO DE ATENCI\u00d3N&#8211; De Lunes a jueves: de 12:30 a 21.00 hrs.&#8211; Viernes y S\u00e1bados de 12.30 a 23.00 hrs.&#8211; Domingo 12:30 a 19:00 hrs. * Cocina cierra todos los d\u00edas media hora antes del cierre<\/p>\n","protected":false},"author":1,"featured_media":0,"parent":0,"menu_order":0,"comment_status":"closed","ping_status":"closed","template":"","meta":{"footnotes":""},"class_list":["post-246","page","type-page","status-publish","hentry"],"_links":{"self":[{"href":"https:\/\/elclandestino.cl\/index.php\/wp-json\/wp\/v2\/pages\/246","targetHints":{"allow":["GET"]}}],"collection":[{"href":"https:\/\/elclandestino.cl\/index.php\/wp-json\/wp\/v2\/pages"}],"about":[{"href":"https:\/\/elclandestino.cl\/index.php\/wp-json\/wp\/v2\/types\/page"}],"author":[{"embeddable":true,"href":"https:\/\/elclandestino.cl\/index.php\/wp-json\/wp\/v2\/users\/1"}],"replies":[{"embeddable":true,"href":"https:\/\/elclandestino.cl\/index.php\/wp-json\/wp\/v2\/comments?post=246"}],"version-history":[{"count":2,"href":"https:\/\/elclandestino.cl\/index.php\/wp-json\/wp\/v2\/pages\/246\/revisions"}],"predecessor-version":[{"id":248,"href":"https:\/\/elclandestino.cl\/index.php\/wp-json\/wp\/v2\/pages\/246\/revisions\/248"}],"wp:attachment":[{"href":"https:\/\/elclandestino.cl\/index.php\/wp-json\/wp\/v2\/media?parent=246"}],"curies":[{"name":"wp","href":"https:\/\/api.w.org\/{rel}","templated":true}]}}